{"id":15026,"date":"2021-06-10T19:42:22","date_gmt":"2021-06-10T19:42:22","guid":{"rendered":"https:\/\/atlantisziraat.com\/?page_id=15026"},"modified":"2021-06-10T19:57:54","modified_gmt":"2021-06-10T19:57:54","slug":"sumiagro","status":"publish","type":"page","link":"https:\/\/atlantisziraat.com\/index.php\/sumiagro\/","title":{"rendered":"Sumiagro"},"content":{"rendered":"<p>[vc_row][vc_column][vc_row_inner][vc_column_inner]<div class=\"agrikole-single-heading clearfix text-center has-line\" style=\"\"><span class=\"inner\"><span class=\"line accent\" style=\"width:340px;height:10px;top:60px;\"><\/span><span class=\"heading clearfix \" style=\"font-weight:800;color:#333333;font-family:Archivo Narrow;font-size:40px;\">\r\n\t\t\u0130NSEKT\u0130S\u0130TLER\r\n\t<\/span><\/span><\/div>[\/vc_column_inner][\/vc_row_inner][\/vc_column][\/vc_row][vc_row][vc_column width=&#8221;1\/3&#8243;]<div class=\"agrikole-image-box clearfix style-1 \" style=\"\" >\r\n        <div class=\"item\">\r\n            <div class=\"inner\">\r\n                <div class=\"thumb\" style=\"\"> <img loading=\"lazy\" decoding=\"async\" width=\"626\" height=\"416\" src=\"https:\/\/atlantisziraat.com\/wp-content\/uploads\/2021\/06\/ADMIRAL-10-EC.jpg\" class=\"attachment-full size-full\" alt=\"\" srcset=\"https:\/\/atlantisziraat.com\/wp-content\/uploads\/2021\/06\/ADMIRAL-10-EC.jpg 626w, https:\/\/atlantisziraat.com\/wp-content\/uploads\/2021\/06\/ADMIRAL-10-EC-300x199.jpg 300w\" sizes=\"auto, (max-width: 626px) 100vw, 626px\" \/><\/div>\r\n                <div class=\"text-wrap \" style=\" padding:45px 50px 43px;\">\r\n                      \r\n                <\/div>\r\n            <\/div>\r\n        <\/div>\r\n    <\/div><div class=\"agrikole-image-box clearfix style-1 \" style=\"\" >\r\n        <div class=\"item\">\r\n            <div class=\"inner\">\r\n                <div class=\"thumb\" style=\"\"> <img loading=\"lazy\" decoding=\"async\" width=\"626\" height=\"416\" src=\"https:\/\/atlantisziraat.com\/wp-content\/uploads\/2021\/06\/KAZUYA.jpg\" class=\"attachment-full size-full\" alt=\"\" srcset=\"https:\/\/atlantisziraat.com\/wp-content\/uploads\/2021\/06\/KAZUYA.jpg 626w, https:\/\/atlantisziraat.com\/wp-content\/uploads\/2021\/06\/KAZUYA-300x199.jpg 300w\" sizes=\"auto, (max-width: 626px) 100vw, 626px\" \/><\/div>\r\n                <div class=\"text-wrap \" style=\" padding:45px 50px 43px;\">\r\n                      \r\n                <\/div>\r\n            <\/div>\r\n        <\/div>\r\n    <\/div><div class=\"agrikole-image-box clearfix style-1 \" style=\"\" >\r\n        <div class=\"item\">\r\n            <div class=\"inner\">\r\n                <div class=\"thumb\" style=\"\"> <img loading=\"lazy\" decoding=\"async\" width=\"626\" height=\"416\" src=\"https:\/\/atlantisziraat.com\/wp-content\/uploads\/2021\/06\/TEPPEKI-50-WG.jpg\" class=\"attachment-full size-full\" alt=\"\" srcset=\"https:\/\/atlantisziraat.com\/wp-content\/uploads\/2021\/06\/TEPPEKI-50-WG.jpg 626w, https:\/\/atlantisziraat.com\/wp-content\/uploads\/2021\/06\/TEPPEKI-50-WG-300x199.jpg 300w\" sizes=\"auto, (max-width: 626px) 100vw, 626px\" \/><\/div>\r\n                <div class=\"text-wrap \" style=\" padding:45px 50px 43px;\">\r\n                      \r\n                <\/div>\r\n            <\/div>\r\n        <\/div>\r\n    <\/div>[\/vc_column][vc_column width=&#8221;1\/3&#8243;]<div class=\"agrikole-image-box clearfix style-1 \" style=\"\" >\r\n        <div class=\"item\">\r\n            <div class=\"inner\">\r\n                <div class=\"thumb\" style=\"\"> <img loading=\"lazy\" decoding=\"async\" width=\"626\" height=\"416\" src=\"https:\/\/atlantisziraat.com\/wp-content\/uploads\/2021\/06\/DIPEL-WG.jpg\" class=\"attachment-full size-full\" alt=\"\" srcset=\"https:\/\/atlantisziraat.com\/wp-content\/uploads\/2021\/06\/DIPEL-WG.jpg 626w, https:\/\/atlantisziraat.com\/wp-content\/uploads\/2021\/06\/DIPEL-WG-300x199.jpg 300w\" sizes=\"auto, (max-width: 626px) 100vw, 626px\" \/><\/div>\r\n                <div class=\"text-wrap \" style=\" padding:45px 50px 43px;\">\r\n                      \r\n                <\/div>\r\n            <\/div>\r\n        <\/div>\r\n    <\/div><div class=\"agrikole-image-box clearfix style-1 \" style=\"\" >\r\n        <div class=\"item\">\r\n            <div class=\"inner\">\r\n                <div class=\"thumb\" style=\"\"> <img loading=\"lazy\" decoding=\"async\" width=\"626\" height=\"416\" src=\"https:\/\/atlantisziraat.com\/wp-content\/uploads\/2021\/06\/MOSPILAN-20S.jpg\" class=\"attachment-full size-full\" alt=\"\" srcset=\"https:\/\/atlantisziraat.com\/wp-content\/uploads\/2021\/06\/MOSPILAN-20S.jpg 626w, https:\/\/atlantisziraat.com\/wp-content\/uploads\/2021\/06\/MOSPILAN-20S-300x199.jpg 300w\" sizes=\"auto, (max-width: 626px) 100vw, 626px\" \/><\/div>\r\n                <div class=\"text-wrap \" style=\" padding:45px 50px 43px;\">\r\n                      \r\n                <\/div>\r\n            <\/div>\r\n        <\/div>\r\n    <\/div><div class=\"agrikole-image-box clearfix style-1 \" style=\"\" >\r\n        <div class=\"item\">\r\n            <div class=\"inner\">\r\n                <div class=\"thumb\" style=\"\"> <img loading=\"lazy\" decoding=\"async\" width=\"626\" height=\"416\" src=\"https:\/\/atlantisziraat.com\/wp-content\/uploads\/2021\/06\/TUNGA-SC.jpg\" class=\"attachment-full size-full\" alt=\"\" srcset=\"https:\/\/atlantisziraat.com\/wp-content\/uploads\/2021\/06\/TUNGA-SC.jpg 626w, https:\/\/atlantisziraat.com\/wp-content\/uploads\/2021\/06\/TUNGA-SC-300x199.jpg 300w\" sizes=\"auto, (max-width: 626px) 100vw, 626px\" \/><\/div>\r\n                <div class=\"text-wrap \" style=\" padding:45px 50px 43px;\">\r\n                      \r\n                <\/div>\r\n            <\/div>\r\n        <\/div>\r\n    <\/div><div class=\"agrikole-single-heading clearfix text-center has-line\" style=\"\"><span class=\"inner\"><span class=\"line accent\" style=\"width:300px;height:10px;top:60px;\"><\/span><span class=\"heading clearfix \" style=\"font-weight:800;color:#333333;font-family:Archivo Narrow;font-size:40px;\">\r\n\t\tAKAR\u0130S\u0130TLER\r\n\t<\/span><\/span><\/div>[\/vc_column][vc_column width=&#8221;1\/3&#8243;]<div class=\"agrikole-image-box clearfix style-1 \" style=\"\" >\r\n        <div class=\"item\">\r\n            <div class=\"inner\">\r\n                <div class=\"thumb\" style=\"\"> <img loading=\"lazy\" decoding=\"async\" width=\"626\" height=\"416\" src=\"https:\/\/atlantisziraat.com\/wp-content\/uploads\/2021\/06\/HARU.jpg\" class=\"attachment-full size-full\" alt=\"\" srcset=\"https:\/\/atlantisziraat.com\/wp-content\/uploads\/2021\/06\/HARU.jpg 626w, https:\/\/atlantisziraat.com\/wp-content\/uploads\/2021\/06\/HARU-300x199.jpg 300w\" sizes=\"auto, (max-width: 626px) 100vw, 626px\" \/><\/div>\r\n                <div class=\"text-wrap \" style=\" padding:45px 50px 43px;\">\r\n                      \r\n                <\/div>\r\n            <\/div>\r\n        <\/div>\r\n    <\/div><div class=\"agrikole-image-box clearfix style-1 \" style=\"\" >\r\n        <div class=\"item\">\r\n            <div class=\"inner\">\r\n                <div class=\"thumb\" style=\"\"> <img loading=\"lazy\" decoding=\"async\" width=\"626\" height=\"416\" src=\"https:\/\/atlantisziraat.com\/wp-content\/uploads\/2021\/06\/SUMIGOLD.jpg\" class=\"attachment-full size-full\" alt=\"\" srcset=\"https:\/\/atlantisziraat.com\/wp-content\/uploads\/2021\/06\/SUMIGOLD.jpg 626w, https:\/\/atlantisziraat.com\/wp-content\/uploads\/2021\/06\/SUMIGOLD-300x199.jpg 300w\" sizes=\"auto, (max-width: 626px) 100vw, 626px\" \/><\/div>\r\n                <div class=\"text-wrap \" style=\" padding:45px 50px 43px;\">\r\n                      \r\n                <\/div>\r\n            <\/div>\r\n        <\/div>\r\n    <\/div><div class=\"agrikole-image-box clearfix style-1 \" style=\"\" >\r\n        <div class=\"item\">\r\n            <div class=\"inner\">\r\n                \r\n                <div class=\"text-wrap \" style=\" padding:45px 50px 43px;\">\r\n                      \r\n                <\/div>\r\n            <\/div>\r\n        <\/div>\r\n    <\/div>[\/vc_column][\/vc_row][vc_row][vc_column width=&#8221;1\/3&#8243;]<div class=\"agrikole-image-box clearfix style-1 \" style=\"\" >\r\n        <div class=\"item\">\r\n            <div class=\"inner\">\r\n                <div class=\"thumb\" style=\"\"> <img loading=\"lazy\" decoding=\"async\" width=\"626\" height=\"416\" src=\"https:\/\/atlantisziraat.com\/wp-content\/uploads\/2021\/06\/KANEMITE.jpg\" class=\"attachment-full size-full\" alt=\"\" srcset=\"https:\/\/atlantisziraat.com\/wp-content\/uploads\/2021\/06\/KANEMITE.jpg 626w, https:\/\/atlantisziraat.com\/wp-content\/uploads\/2021\/06\/KANEMITE-300x199.jpg 300w\" sizes=\"auto, (max-width: 626px) 100vw, 626px\" \/><\/div>\r\n                <div class=\"text-wrap \" style=\" padding:45px 50px 43px;\">\r\n                      \r\n                <\/div>\r\n            <\/div>\r\n        <\/div>\r\n    <\/div><div class=\"agrikole-image-box clearfix style-1 \" style=\"\" >\r\n        <div class=\"item\">\r\n            <div class=\"inner\">\r\n                <div class=\"thumb\" style=\"\"> <img loading=\"lazy\" decoding=\"async\" width=\"626\" height=\"416\" src=\"https:\/\/atlantisziraat.com\/wp-content\/uploads\/2021\/06\/SANMITE-20WP.jpg\" class=\"attachment-full size-full\" alt=\"\" srcset=\"https:\/\/atlantisziraat.com\/wp-content\/uploads\/2021\/06\/SANMITE-20WP.jpg 626w, https:\/\/atlantisziraat.com\/wp-content\/uploads\/2021\/06\/SANMITE-20WP-300x199.jpg 300w\" sizes=\"auto, (max-width: 626px) 100vw, 626px\" \/><\/div>\r\n                <div class=\"text-wrap \" style=\" padding:45px 50px 43px;\">\r\n                      \r\n                <\/div>\r\n            <\/div>\r\n        <\/div>\r\n    <\/div>[\/vc_column][vc_column width=&#8221;1\/3&#8243;]<div class=\"agrikole-image-box clearfix style-1 \" style=\"\" >\r\n        <div class=\"item\">\r\n            <div class=\"inner\">\r\n                <div class=\"thumb\" style=\"\"> <img loading=\"lazy\" decoding=\"async\" width=\"626\" height=\"416\" src=\"https:\/\/atlantisziraat.com\/wp-content\/uploads\/2021\/06\/MILBEKNOCK.jpg\" class=\"attachment-full size-full\" alt=\"\" srcset=\"https:\/\/atlantisziraat.com\/wp-content\/uploads\/2021\/06\/MILBEKNOCK.jpg 626w, https:\/\/atlantisziraat.com\/wp-content\/uploads\/2021\/06\/MILBEKNOCK-300x199.jpg 300w\" sizes=\"auto, (max-width: 626px) 100vw, 626px\" \/><\/div>\r\n                <div class=\"text-wrap \" style=\" padding:45px 50px 43px;\">\r\n                      \r\n                <\/div>\r\n            <\/div>\r\n        <\/div>\r\n    <\/div>[\/vc_column][vc_column width=&#8221;1\/3&#8243;]<div class=\"agrikole-image-box clearfix style-1 \" style=\"\" >\r\n        <div class=\"item\">\r\n            <div class=\"inner\">\r\n                <div class=\"thumb\" style=\"\"> <img loading=\"lazy\" decoding=\"async\" width=\"626\" height=\"416\" src=\"https:\/\/atlantisziraat.com\/wp-content\/uploads\/2021\/06\/NISSORUN5E.jpg\" class=\"attachment-full size-full\" alt=\"\" srcset=\"https:\/\/atlantisziraat.com\/wp-content\/uploads\/2021\/06\/NISSORUN5E.jpg 626w, https:\/\/atlantisziraat.com\/wp-content\/uploads\/2021\/06\/NISSORUN5E-300x199.jpg 300w\" sizes=\"auto, (max-width: 626px) 100vw, 626px\" \/><\/div>\r\n                <div class=\"text-wrap \" style=\" padding:45px 50px 43px;\">\r\n                      \r\n                <\/div>\r\n            <\/div>\r\n        <\/div>\r\n    <\/div>[\/vc_column][\/vc_row]<\/p>\n","protected":false},"excerpt":{"rendered":"<p>[vc_row][vc_column][vc_row_inner][vc_column_inner][\/vc_column_inner][\/vc_row_inner][\/vc_column][\/vc_row][vc_row][vc_column width=&#8221;1\/3&#8243;][\/vc_column][vc_column width=&#8221;1\/3&#8243;][\/vc_column][vc_column width=&#8221;1\/3&#8243;][\/vc_column][\/vc_row][vc_row][vc_column width=&#8221;1\/3&#8243;][\/vc_column][vc_column width=&#8221;1\/3&#8243;][\/vc_column][vc_column width=&#8221;1\/3&#8243;][\/vc_column][\/vc_row]<\/p>\n","protected":false},"author":1,"featured_media":0,"parent":0,"menu_order":0,"comment_status":"closed","ping_status":"closed","template":"templates\/page-onepage.php","meta":{"footnotes":""},"class_list":["post-15026","page","type-page","status-publish","hentry"],"_links":{"self":[{"href":"https:\/\/atlantisziraat.com\/index.php\/wp-json\/wp\/v2\/pages\/15026","targetHints":{"allow":["GET"]}}],"collection":[{"href":"https:\/\/atlantisziraat.com\/index.php\/wp-json\/wp\/v2\/pages"}],"about":[{"href":"https:\/\/atlantisziraat.com\/index.php\/wp-json\/wp\/v2\/types\/page"}],"author":[{"embeddable":true,"href":"https:\/\/atlantisziraat.com\/index.php\/wp-json\/wp\/v2\/users\/1"}],"replies":[{"embeddable":true,"href":"https:\/\/atlantisziraat.com\/index.php\/wp-json\/wp\/v2\/comments?post=15026"}],"version-history":[{"count":6,"href":"https:\/\/atlantisziraat.com\/index.php\/wp-json\/wp\/v2\/pages\/15026\/revisions"}],"predecessor-version":[{"id":15072,"href":"https:\/\/atlantisziraat.com\/index.php\/wp-json\/wp\/v2\/pages\/15026\/revisions\/15072"}],"wp:attachment":[{"href":"https:\/\/atlantisziraat.com\/index.php\/wp-json\/wp\/v2\/media?parent=15026"}],"curies":[{"name":"wp","href":"https:\/\/api.w.org\/{rel}","templated":true}]}}